{"id":764,"date":"2021-10-17T08:39:35","date_gmt":"2021-10-17T08:39:35","guid":{"rendered":"https:\/\/fardesalou.es\/?page_id=764"},"modified":"2025-08-26T17:56:57","modified_gmt":"2025-08-26T17:56:57","slug":"der-perfekte-rueckzugsort-fuer-unvergessliche-momente","status":"publish","type":"page","link":"https:\/\/fardesalou.es\/?page_id=764&lang=es","title":{"rendered":"El refugio perfecto para momentos inolvlidables"},"content":{"rendered":"\t\t<div data-elementor-type=\"wp-page\" data-elementor-id=\"764\" class=\"elementor elementor-764 elementor-13\">\n\t\t\t\t<div class=\"elementor-element elementor-element-4c4be3db e-con-full e-flex e-con e-parent\" data-id=\"4c4be3db\" data-element_type=\"container\" data-e-type=\"container\">\n\t\t\t\t<div class=\"elementor-element elementor-element-65177d0e elementor-widget elementor-widget-text-editor\" data-id=\"65177d0e\" data-element_type=\"widget\" data-e-type=\"widget\" data-widget_type=\"text-editor.default\">\n\t\t\t\t<div class=\"elementor-widget-container\">\n\t\t\t\t\t\t\t\t\t<style>\n\/* Gutenberg-Blocks in Elementor nachstylen *\/<br \/>.elementor .wp-block-group.alignfull { width:100%; margin:0 auto; }<br \/>.elementor .wp-block-group__inner-container { max-width:var(--content-width,1200px); margin:0 auto; }<\/p>\n<p>.elementor .wp-block-columns,<br \/>.elementor-widget-html .wp-block-columns {<br \/>  display:flex; flex-wrap:wrap; gap:24px; align-items:center;<br \/>}<br \/>.elementor .wp-block-columns > .wp-block-column,<br \/>.elementor-widget-html .wp-block-columns > .wp-block-column {<br \/>  flex:1 1 0; min-width:0;<br \/>}<br \/>@media (max-width: 782px){<br \/>  .elementor .wp-block-columns,<br \/>  .elementor-widget-html .wp-block-columns { display:block; }<br \/>  .elementor .wp-block-columns > .wp-block-column,<br \/>  .elementor-widget-html .wp-block-columns > .wp-block-column { width:100%; }<br \/>}<\/p>\n<p>\/* Bilder & Captions *\/<br \/>.elementor .wp-block-image, .elementor-widget-html .wp-block-image { margin:0; }<br \/>.elementor .wp-block-image img, .elementor-widget-html .wp-block-image img { width:100%; height:auto; display:block; }<br \/>.elementor .wp-block-image figcaption, .elementor-widget-html .wp-block-image figcaption {<br \/>  margin-top:8px; font-size:.9em; color:#7a7a7a;<br \/>}<\/p>\n<p>\/* Spacer *\/<br \/>.elementor .wp-block-spacer, .elementor-widget-html .wp-block-spacer { display:block; width:100%; }<\/p>\n<p>\/* Galerie-Raster 3 Spalten *\/<br \/>.elementor .wp-block-gallery ul.blocks-gallery-grid,<br \/>.elementor-widget-html .wp-block-gallery ul.blocks-gallery-grid {<br \/>  display:grid; grid-template-columns:repeat(3,1fr); gap:16px;<br \/>  list-style:none; margin:0; padding:0;<br \/>}<br \/>.elementor .wp-block-gallery .blocks-gallery-item,<br \/>.elementor-widget-html .wp-block-gallery .blocks-gallery-item { margin:0; }<br \/>.elementor .wp-block-gallery .blocks-gallery-item figure,<br \/>.elementor-widget-html .wp-block-gallery .blocks-gallery-item figure { margin:0; }<br \/>.elementor .wp-block-gallery .blocks-gallery-item p,<br \/>.elementor-widget-html .wp-block-gallery .blocks-gallery-item p { margin:0; }<br \/>.elementor .wp-block-gallery img,<br \/>.elementor-widget-html .wp-block-gallery img { width:100%; height:auto; display:block; }<\/p>\n<p>\/* Schwarzer Bereich etwas Innenabstand wie DE-Version *\/<br \/>.elementor .has-black-background-color.has-background,<br \/>.elementor-widget-html .has-black-background-color.has-background { padding:24px; }<\/p>\n<p>\/* Buttons aus Gutenberg im Elementor-HTML *\/<br \/>.elementor .wp-block-buttons, .elementor-widget-html .wp-block-buttons { display:flex; gap:12px; }<br \/>.elementor .wp-block-button .wp-block-button__link,<br \/>.elementor-widget-html .wp-block-button .wp-block-button__link {<br \/>  display:inline-block; padding:10px 16px; border:1px solid currentColor; text-decoration:none; border-radius:0;<br \/>}<\/p>\n<p>\/* Cover\/Hero Basis *\/<br \/>.elementor .wp-block-cover, .elementor-widget-html .wp-block-cover {<br \/>  position:relative; background-size:cover; background-position:center;<br \/>}<br \/>.elementor .wp-block-cover__inner-container,<br \/>.elementor-widget-html .wp-block-cover__inner-container { padding:24px 16px; text-align:center; }<\/p>\n<p>\/* Einleitender Absatz etwas Luft (wie DE) *\/<br \/>.p1 { margin-top:1em; margin-bottom:1.5em; }<br \/><\/style>\n<p class=\"p1\" style=\"text-align: center;\">Descruba nuestro exclusivo apartamento vacacional ubicado a solo 100 metros del mar. El lugar ideal para unas vacaciones inolvidables, rel\u00e1jese en una cala rocosa, disfrute de la piscina o mant\u00e9ngase en activo en nuestra pista multideportiva. Disfrute de las playas y de la naturaleza que nos rodea, un destino ideal para quienes buscan relajaci\u00f3n como para los amantes de la aventura. Nuestro exclusivo apartamento est\u00e1 tambi\u00e9n disponible para estancias de larga duraci\u00f3n, a partir de un mes. Especialmente para empresas, profesionales y docentes que desarrollan su actividad temporalmente en esta regi\u00f3n. Despu\u00e9s de un dia de trabajo exigente, le espera relajaci\u00f3n, confort y a pocos pasos del mar.<\/p>\n<div class=\"wp-block-group alignfull has-background\" style=\"background-color: #e5e9ec;\">\n<div class=\"wp-block-group__inner-container\">\n<div class=\"wp-block-columns\">\n<div class=\"wp-block-column is-vertically-aligned-center\">\n<h2><span style=\"text-align: var(--text-align); -webkit-tap-highlight-color: transparent; -webkit-text-size-adjust: 100%;\">Sobre m\u00ed<\/span><br><\/h2>\n<h2><span style=\"color: var( --e-global-color-text ); font-family: var( --e-global-typography-text-font-family ), Sans-serif; font-weight: var( --e-global-typography-text-font-weight ); text-align: var(--text-align); font-size: 16px;\">Nuestro apartamento situado a escasos pasos del mar, ofrece el entorno ideal para unas vacaciones familiares confortables y memorables. Como llevamos mucho tiempo viviendo en esta regi\u00f3n sabemos lo especial que es este lugar y queremos que usted tambi\u00e9n pueda disfrutarlo plenamente. <\/span><\/h2>\n<p><a class=\"wp-block-button__link no-border-radius\" style=\"font-family: var( --e-global-typography-text-font-family ), Sans-serif; font-weight: var( --e-global-typography-text-font-weight ); font-size: 16px;\" href=\"https:\/\/fardesalou.es\/?page_id=760&amp;lang=es\">M\u00e1s sobre m\u00ed<\/a><\/p>\n<div class=\"wp-block-buttons is-content-justification-left\"><\/div>\n<\/div>\n<div class=\"wp-block-column\">\n<div class=\"wp-block-spacer\" style=\"height: 48px;\" aria-hidden=\"true\"><\/div>\n<figure class=\"wp-block-image size-large\"><figure id=\"attachment_26\" aria-describedby=\"caption-attachment-26\" style=\"width: 1601px\" class=\"wp-caption alignnone\"><img fetchpriority=\"high\" decoding=\"async\" class=\"wp-image-26\" src=\"https:\/\/fardesalou.es\/wp-content\/uploads\/2021\/10\/DJI_0850-scaled.jpg\" alt=\"\" width=\"1601\" height=\"900\"><figcaption id=\"caption-attachment-26\" class=\"wp-caption-text\">El Far de Salou<\/figcaption><\/figure><\/figure><\/div><\/div><\/div><\/div><div class=\"wp-block-group alignfull has-black-background-color has-background\"><div class=\"wp-block-group__inner-container\">\n<h2 class=\"has-text-align-center has-white-color has-text-color\"><strong>Galeria<\/strong><\/h2>\n<figure class=\"wp-block-gallery aligncenter columns-3 is-cropped\">\n<ul class=\"blocks-gallery-grid\">\n<li class=\"blocks-gallery-item\">\n<figure><img decoding=\"async\" class=\"alignnone wp-image-29\" src=\"https:\/\/fardesalou.es\/wp-content\/uploads\/2021\/10\/DJI_0837-300x169.jpg\" alt=\"\" width=\"1600\" height=\"900\" data-id=\"28\" data-full-url=\"https:\/\/fardesalou.es\/wp-content\/themes\/inspiro\/assets\/images\/StockSnap_P9QYJ8AAL8.jpg\" data-link=\"#\" srcset=\"https:\/\/fardesalou.es\/wp-content\/uploads\/2021\/10\/DJI_0837-300x169.jpg 300w, https:\/\/fardesalou.es\/wp-content\/uploads\/2021\/10\/DJI_0837-1024x576.jpg 1024w, https:\/\/fardesalou.es\/wp-content\/uploads\/2021\/10\/DJI_0837-768x432.jpg 768w, https:\/\/fardesalou.es\/wp-content\/uploads\/2021\/10\/DJI_0837-1536x864.jpg 1536w, https:\/\/fardesalou.es\/wp-content\/uploads\/2021\/10\/DJI_0837-2048x1152.jpg 2048w, https:\/\/fardesalou.es\/wp-content\/uploads\/2021\/10\/DJI_0837-2000x1125.jpg 2000w\" sizes=\"(max-width: 1600px) 100vw, 1600px\" \/><\/figure>\n<\/li>\n<li class=\"blocks-gallery-item\">\n<figure><img decoding=\"async\" class=\"alignnone wp-image-36\" src=\"https:\/\/fardesalou.es\/wp-content\/uploads\/2021\/10\/DJI_0836-300x169.jpg\" alt=\"\" width=\"1600\" height=\"900\" data-id=\"27\" data-full-url=\"https:\/\/fardesalou.es\/wp-content\/themes\/inspiro\/assets\/images\/StockSnap_M6D1GS9PSL.jpg\" data-link=\"#\" srcset=\"https:\/\/fardesalou.es\/wp-content\/uploads\/2021\/10\/DJI_0836-300x169.jpg 300w, https:\/\/fardesalou.es\/wp-content\/uploads\/2021\/10\/DJI_0836-1024x576.jpg 1024w, https:\/\/fardesalou.es\/wp-content\/uploads\/2021\/10\/DJI_0836-768x432.jpg 768w, https:\/\/fardesalou.es\/wp-content\/uploads\/2021\/10\/DJI_0836-1536x864.jpg 1536w, https:\/\/fardesalou.es\/wp-content\/uploads\/2021\/10\/DJI_0836-2048x1152.jpg 2048w, https:\/\/fardesalou.es\/wp-content\/uploads\/2021\/10\/DJI_0836-2000x1125.jpg 2000w\" sizes=\"(max-width: 1600px) 100vw, 1600px\" \/><\/figure>\n<\/li>\n<li class=\"blocks-gallery-item\">\n<figure><img loading=\"lazy\" decoding=\"async\" class=\"alignnone wp-image-28\" src=\"https:\/\/fardesalou.es\/wp-content\/uploads\/2021\/10\/DJI_0854-300x169.jpeg\" alt=\"\" width=\"1600\" height=\"900\" data-id=\"26\" data-full-url=\"https:\/\/fardesalou.es\/wp-content\/themes\/inspiro\/assets\/images\/StockSnap_JKMGVEJMPU.jpg\" data-link=\"#\" srcset=\"https:\/\/fardesalou.es\/wp-content\/uploads\/2021\/10\/DJI_0854-300x169.jpeg 300w, https:\/\/fardesalou.es\/wp-content\/uploads\/2021\/10\/DJI_0854-1024x576.jpeg 1024w, https:\/\/fardesalou.es\/wp-content\/uploads\/2021\/10\/DJI_0854-768x432.jpeg 768w, https:\/\/fardesalou.es\/wp-content\/uploads\/2021\/10\/DJI_0854-1536x864.jpeg 1536w, https:\/\/fardesalou.es\/wp-content\/uploads\/2021\/10\/DJI_0854-2048x1152.jpeg 2048w, https:\/\/fardesalou.es\/wp-content\/uploads\/2021\/10\/DJI_0854-2000x1125.jpeg 2000w\" sizes=\"(max-width: 1600px) 100vw, 1600px\" \/><\/figure>\n<\/li>\n<li class=\"blocks-gallery-item\">\n<figure><img loading=\"lazy\" decoding=\"async\" class=\"alignnone wp-image-33\" src=\"https:\/\/fardesalou.es\/wp-content\/uploads\/2021\/10\/DJI_0851-300x169.jpg\" alt=\"\" width=\"1600\" height=\"900\" srcset=\"https:\/\/fardesalou.es\/wp-content\/uploads\/2021\/10\/DJI_0851-300x169.jpg 300w, https:\/\/fardesalou.es\/wp-content\/uploads\/2021\/10\/DJI_0851-1024x576.jpg 1024w, https:\/\/fardesalou.es\/wp-content\/uploads\/2021\/10\/DJI_0851-768x432.jpg 768w, https:\/\/fardesalou.es\/wp-content\/uploads\/2021\/10\/DJI_0851-1536x864.jpg 1536w, https:\/\/fardesalou.es\/wp-content\/uploads\/2021\/10\/DJI_0851-2048x1152.jpg 2048w, https:\/\/fardesalou.es\/wp-content\/uploads\/2021\/10\/DJI_0851-2000x1125.jpg 2000w\" sizes=\"(max-width: 1600px) 100vw, 1600px\" \/><\/figure>\n<\/li>\n<li class=\"blocks-gallery-item\">\n<figure><img loading=\"lazy\" decoding=\"async\" class=\"alignnone wp-image-32\" src=\"https:\/\/fardesalou.es\/wp-content\/uploads\/2021\/10\/DJI_0850-300x169.jpg\" alt=\"\" width=\"1600\" height=\"900\" srcset=\"https:\/\/fardesalou.es\/wp-content\/uploads\/2021\/10\/DJI_0850-300x169.jpg 300w, https:\/\/fardesalou.es\/wp-content\/uploads\/2021\/10\/DJI_0850-1024x576.jpg 1024w, https:\/\/fardesalou.es\/wp-content\/uploads\/2021\/10\/DJI_0850-768x432.jpg 768w, https:\/\/fardesalou.es\/wp-content\/uploads\/2021\/10\/DJI_0850-1536x864.jpg 1536w, https:\/\/fardesalou.es\/wp-content\/uploads\/2021\/10\/DJI_0850-2048x1152.jpg 2048w, https:\/\/fardesalou.es\/wp-content\/uploads\/2021\/10\/DJI_0850-2000x1125.jpg 2000w\" sizes=\"(max-width: 1600px) 100vw, 1600px\" \/><\/figure>\n<\/li>\n<li class=\"blocks-gallery-item\">\n<figure><img loading=\"lazy\" decoding=\"async\" class=\"alignnone wp-image-34\" src=\"https:\/\/fardesalou.es\/wp-content\/uploads\/2021\/10\/DJI_0853-300x169.jpg\" alt=\"\" width=\"1600\" height=\"900\" data-id=\"29\" data-full-url=\"https:\/\/fardesalou.es\/wp-content\/themes\/inspiro\/assets\/images\/StockSnap_PGXCCTCLB5.jpg\" data-link=\"#\" srcset=\"https:\/\/fardesalou.es\/wp-content\/uploads\/2021\/10\/DJI_0853-300x169.jpg 300w, https:\/\/fardesalou.es\/wp-content\/uploads\/2021\/10\/DJI_0853-1024x576.jpg 1024w, https:\/\/fardesalou.es\/wp-content\/uploads\/2021\/10\/DJI_0853-768x432.jpg 768w, https:\/\/fardesalou.es\/wp-content\/uploads\/2021\/10\/DJI_0853-1536x864.jpg 1536w, https:\/\/fardesalou.es\/wp-content\/uploads\/2021\/10\/DJI_0853-2048x1152.jpg 2048w, https:\/\/fardesalou.es\/wp-content\/uploads\/2021\/10\/DJI_0853-2000x1125.jpg 2000w\" sizes=\"(max-width: 1600px) 100vw, 1600px\" \/><\/figure>\n<figure><br><\/figure>\n<\/li>\n<\/ul>\n<\/figure>\n<\/div>\n<\/div>\n<div class=\"wp-block-cover alignfull has-background-dim-40 has-black-background-color has-background-dim has-parallax is-position-center-center\" style=\"background-image: url('https:\/\/fardesalou.es\/wp-content\/uploads\/2025\/02\/IMG_6355-scaled.jpeg'); min-height: 375px;\">\n<div class=\"wp-block-cover__inner-container\">\n<p class=\"has-text-align-center has-text-color has-huge-font-size\" style=\"color: #fffffa; line-height: 1.1;\"><strong>Donde las olas alcanzan el horizonte<\/strong><\/p>\n<p class=\"has-text-align-center\">Una escapada al mar &#8211; ahora reserve momentos inolvidables<\/p>\n<div class=\"wp-block-spacer\" style=\"height: 39px;\" aria-hidden=\"true\"><\/div>\n<div class=\"wp-block-buttons is-content-justification-center\">\n<div class=\"wp-block-button is-style-outline\"><a class=\"wp-block-button__link has-white-color has-text-color no-border-radius\" href=\"https:\/\/fardesalou.es\/?page_id=758&amp;lang=es\">Realizar solicitud<\/a><\/div>\n<\/div>\n<\/div>\n<\/div>\t\t\t\t\t\t\t\t<\/div>\n\t\t\t\t<\/div>\n\t\t\t\t<\/div>\n\t\t\t\t<\/div>\n\t\t","protected":false},"excerpt":{"rendered":"<p>Descruba nuestro exclusivo apartamento vacacional ubicado a solo 100 metros del mar. El lugar ideal para unas vacaciones inolvidables, rel\u00e1jese en una cala rocosa, disfrute de la piscina o mant\u00e9ngase en activo en nuestra pista multideportiva. Disfrute de las playas y de la naturaleza que nos rodea, un destino ideal para quienes buscan relajaci\u00f3n como &hellip; <\/p>\n<p class=\"link-more\"><a href=\"https:\/\/fardesalou.es\/?page_id=764&#038;lang=es\" class=\"more-link\">Mehr <span class=\"screen-reader-text\">\u00fcber &#8222;El refugio perfecto para momentos inolvlidables&#8220; <\/span>Lesen<\/a><\/p>\n","protected":false},"author":1,"featured_media":0,"parent":0,"menu_order":0,"comment_status":"closed","ping_status":"closed","template":"","meta":{"_inspiro_hide_title":false,"footnotes":""},"class_list":["post-764","page","type-page","status-publish","hentry"],"featured_media_urls":[],"_links":{"self":[{"href":"https:\/\/fardesalou.es\/index.php?rest_route=\/wp\/v2\/pages\/764","targetHints":{"allow":["GET"]}}],"collection":[{"href":"https:\/\/fardesalou.es\/index.php?rest_route=\/wp\/v2\/pages"}],"about":[{"href":"https:\/\/fardesalou.es\/index.php?rest_route=\/wp\/v2\/types\/page"}],"author":[{"embeddable":true,"href":"https:\/\/fardesalou.es\/index.php?rest_route=\/wp\/v2\/users\/1"}],"replies":[{"embeddable":true,"href":"https:\/\/fardesalou.es\/index.php?rest_route=%2Fwp%2Fv2%2Fcomments&post=764"}],"version-history":[{"count":58,"href":"https:\/\/fardesalou.es\/index.php?rest_route=\/wp\/v2\/pages\/764\/revisions"}],"predecessor-version":[{"id":1000,"href":"https:\/\/fardesalou.es\/index.php?rest_route=\/wp\/v2\/pages\/764\/revisions\/1000"}],"wp:attachment":[{"href":"https:\/\/fardesalou.es\/index.php?rest_route=%2Fwp%2Fv2%2Fmedia&parent=764"}],"curies":[{"name":"wp","href":"https:\/\/api.w.org\/{rel}","templated":true}]}}