{"id":760,"date":"2021-10-17T08:39:36","date_gmt":"2021-10-17T08:39:36","guid":{"rendered":"https:\/\/fardesalou.es\/?page_id=760"},"modified":"2025-08-26T11:40:20","modified_gmt":"2025-08-26T11:40:20","slug":"ueber-mich","status":"publish","type":"page","link":"https:\/\/fardesalou.es\/?page_id=760&lang=es","title":{"rendered":"Sobre m\u00ed"},"content":{"rendered":"\t\t<div data-elementor-type=\"wp-page\" data-elementor-id=\"760\" class=\"elementor elementor-760 elementor-14\">\n\t\t\t\t<div class=\"elementor-element elementor-element-6f7c00b9 e-flex e-con-boxed e-con e-parent\" data-id=\"6f7c00b9\" data-element_type=\"container\" data-e-type=\"container\">\n\t\t\t\t\t<div class=\"e-con-inner\">\n\t\t\t\t<div class=\"elementor-element elementor-element-17027c1 elementor-widget elementor-widget-text-editor\" data-id=\"17027c1\" data-element_type=\"widget\" data-e-type=\"widget\" data-widget_type=\"text-editor.default\">\n\t\t\t\t<div class=\"elementor-widget-container\">\n\t\t\t\t\t\t\t\t\t<h3>Bienvenidos al oasis virtual.<\/h3><div dir=\"auto\"><strong>D\u00e9jese sorprender por los secretos de la Costa Daurada y viva al m\u00e1ximo la magia de esta regi\u00f3n extraordinaria.<\/strong><\/div>\t\t\t\t\t\t\t\t<\/div>\n\t\t\t\t<\/div>\n\t\t\t\t<div class=\"elementor-element elementor-element-1e0c86d3 elementor-widget elementor-widget-text-editor\" data-id=\"1e0c86d3\" data-element_type=\"widget\" data-e-type=\"widget\" data-widget_type=\"text-editor.default\">\n\t\t\t\t<div class=\"elementor-widget-container\">\n\t\t\t\t\t\t\t\t\t<p>Hola, mi nombre es Francisco, llevo varias d\u00e9cadas viviendo en la hermosa zona alrededor de El Far de Salou. Con los a\u00f1os, he llegado a amar esta regi\u00f3n y conozco cada rinc\u00f3n, cada cala escondida y todos esos peque\u00f1os secretos que hacen de este lugar algo tan especial <\/p>\n<p>Siempre he so\u00f1ado con compartir la belleza de esta maravillosa regi\u00f3n con otras personas. Por eso he creado mi apartmento con mucho cari\u00f1o y dedicaci\u00f3n, cuidando cada detalle para ofrecer una experiencia \u00fanica. Quiero que cada hu\u00e9sped se sienta como en casa, acogido y c\u00f3modo, tal como me he sentido yo durante tantos a\u00f1os  <\/p>\n<p>La pr\u00f3ximidad al mar, el clima suave y la atm\u00f3sfera relajada hacen de El Far de Salou un lugar especial, ideal para desconectar, disfrutar y dejar volar el alma. <\/p>\n<p>Les doy la bienvenida<\/p>\t\t\t\t\t\t\t\t<\/div>\n\t\t\t\t<\/div>\n\t\t\t\t\t<\/div>\n\t\t\t\t<\/div>\n\t\t\t\t<\/div>\n\t\t","protected":false},"excerpt":{"rendered":"<p>Bienvenidos al oasis virtual. D\u00e9jese sorprender por los secretos de la Costa Daurada y viva al m\u00e1ximo la magia de esta regi\u00f3n extraordinaria. Hola, mi nombre es Francisco, llevo varias d\u00e9cadas viviendo en la hermosa zona alrededor de El Far de Salou. Con los a\u00f1os, he llegado a amar esta regi\u00f3n y conozco cada rinc\u00f3n, &hellip; <\/p>\n<p class=\"link-more\"><a href=\"https:\/\/fardesalou.es\/?page_id=760&#038;lang=es\" class=\"more-link\">Mehr <span class=\"screen-reader-text\">\u00fcber &#8222;Sobre m\u00ed&#8220; <\/span>Lesen<\/a><\/p>\n","protected":false},"author":1,"featured_media":734,"parent":0,"menu_order":0,"comment_status":"closed","ping_status":"closed","template":"","meta":{"_inspiro_hide_title":false,"footnotes":""},"class_list":["post-760","page","type-page","status-publish","has-post-thumbnail","hentry"],"featured_media_urls":{"thumbnail":["https:\/\/fardesalou.es\/wp-content\/uploads\/2025\/02\/francisco_ueber_mich_quer-150x150.jpg",150,150,true],"medium":["https:\/\/fardesalou.es\/wp-content\/uploads\/2025\/02\/francisco_ueber_mich_quer-300x178.jpg",300,178,true],"medium_large":["https:\/\/fardesalou.es\/wp-content\/uploads\/2025\/02\/francisco_ueber_mich_quer-scaled.jpg",768,456,false],"large":["https:\/\/fardesalou.es\/wp-content\/uploads\/2025\/02\/francisco_ueber_mich_quer-1024x608.jpg",950,564,true],"1536x1536":["https:\/\/fardesalou.es\/wp-content\/uploads\/2025\/02\/francisco_ueber_mich_quer-scaled-1536x911.jpg",1536,911,true],"2048x2048":["https:\/\/fardesalou.es\/wp-content\/uploads\/2025\/02\/francisco_ueber_mich_quer-scaled-2048x1215.jpg",2048,1215,true],"inspiro-featured-image":["https:\/\/fardesalou.es\/wp-content\/uploads\/2025\/02\/francisco_ueber_mich_quer-2000x1187.jpg",2000,1187,true],"inspiro-loop":["https:\/\/fardesalou.es\/wp-content\/uploads\/2025\/02\/francisco_ueber_mich_quer-950x320.jpg",950,320,true],"inspiro-loop@2x":["https:\/\/fardesalou.es\/wp-content\/uploads\/2025\/02\/francisco_ueber_mich_quer-1900x640.jpg",1900,640,true],"portfolio_item-thumbnail":["https:\/\/fardesalou.es\/wp-content\/uploads\/2025\/02\/francisco_ueber_mich_quer-scaled-600x400.jpg",600,400,true],"portfolio_item-thumbnail@2x":["https:\/\/fardesalou.es\/wp-content\/uploads\/2025\/02\/francisco_ueber_mich_quer-scaled-1200x800.jpg",1200,800,true],"portfolio_item-masonry":["https:\/\/fardesalou.es\/wp-content\/uploads\/2025\/02\/francisco_ueber_mich_quer-scaled-600x356.jpg",600,356,true],"portfolio_item-masonry@2x":["https:\/\/fardesalou.es\/wp-content\/uploads\/2025\/02\/francisco_ueber_mich_quer-scaled-1200x712.jpg",1200,712,true],"portfolio_item-thumbnail_cinema":["https:\/\/fardesalou.es\/wp-content\/uploads\/2025\/02\/francisco_ueber_mich_quer-scaled-800x335.jpg",800,335,true],"portfolio_item-thumbnail_portrait":["https:\/\/fardesalou.es\/wp-content\/uploads\/2025\/02\/francisco_ueber_mich_quer-scaled-600x900.jpg",600,900,true],"portfolio_item-thumbnail_portrait@2x":["https:\/\/fardesalou.es\/wp-content\/uploads\/2025\/02\/francisco_ueber_mich_quer-scaled-1200x1519.jpg",1200,1519,true],"portfolio_item-thumbnail_square":["https:\/\/fardesalou.es\/wp-content\/uploads\/2025\/02\/francisco_ueber_mich_quer-scaled-800x800.jpg",800,800,true]},"_links":{"self":[{"href":"https:\/\/fardesalou.es\/index.php?rest_route=\/wp\/v2\/pages\/760","targetHints":{"allow":["GET"]}}],"collection":[{"href":"https:\/\/fardesalou.es\/index.php?rest_route=\/wp\/v2\/pages"}],"about":[{"href":"https:\/\/fardesalou.es\/index.php?rest_route=\/wp\/v2\/types\/page"}],"author":[{"embeddable":true,"href":"https:\/\/fardesalou.es\/index.php?rest_route=\/wp\/v2\/users\/1"}],"replies":[{"embeddable":true,"href":"https:\/\/fardesalou.es\/index.php?rest_route=%2Fwp%2Fv2%2Fcomments&post=760"}],"version-history":[{"count":9,"href":"https:\/\/fardesalou.es\/index.php?rest_route=\/wp\/v2\/pages\/760\/revisions"}],"predecessor-version":[{"id":931,"href":"https:\/\/fardesalou.es\/index.php?rest_route=\/wp\/v2\/pages\/760\/revisions\/931"}],"wp:featuredmedia":[{"embeddable":true,"href":"https:\/\/fardesalou.es\/index.php?rest_route=\/wp\/v2\/media\/734"}],"wp:attachment":[{"href":"https:\/\/fardesalou.es\/index.php?rest_route=%2Fwp%2Fv2%2Fmedia&parent=760"}],"curies":[{"name":"wp","href":"https:\/\/api.w.org\/{rel}","templated":true}]}}