{"id":755,"date":"2024-09-19T15:10:59","date_gmt":"2024-09-19T15:10:59","guid":{"rendered":"https:\/\/fardesalou.es\/?page_id=755"},"modified":"2025-08-26T12:24:37","modified_gmt":"2025-08-26T12:24:37","slug":"die-wohnung","status":"publish","type":"page","link":"https:\/\/fardesalou.es\/?page_id=755&lang=es","title":{"rendered":"El apartamento"},"content":{"rendered":"\t\t<div data-elementor-type=\"wp-page\" data-elementor-id=\"755\" class=\"elementor elementor-755 elementor-91\">\n\t\t\t\t<div class=\"elementor-element elementor-element-0b5bb2d e-con-full e-flex e-con e-parent\" data-id=\"0b5bb2d\" data-element_type=\"container\" data-e-type=\"container\">\n\t\t\t\t<div class=\"elementor-element elementor-element-ba8ddf0 elementor-arrows-position-inside elementor-pagination-position-outside elementor-widget elementor-widget-image-carousel\" data-id=\"ba8ddf0\" data-element_type=\"widget\" data-e-type=\"widget\" data-settings=\"{&quot;navigation&quot;:&quot;both&quot;,&quot;autoplay&quot;:&quot;yes&quot;,&quot;pause_on_hover&quot;:&quot;yes&quot;,&quot;pause_on_interaction&quot;:&quot;yes&quot;,&quot;autoplay_speed&quot;:5000,&quot;infinite&quot;:&quot;yes&quot;,&quot;speed&quot;:500}\" data-widget_type=\"image-carousel.default\">\n\t\t\t\t<div class=\"elementor-widget-container\">\n\t\t\t\t\t\t\t<div class=\"elementor-image-carousel-wrapper swiper\" role=\"region\" aria-roledescription=\"carousel\" aria-label=\"Bild Karussell\" dir=\"ltr\">\n\t\t\t<div class=\"elementor-image-carousel swiper-wrapper swiper-image-stretch\" aria-live=\"off\">\n\t\t\t\t\t\t\t\t<div class=\"swiper-slide\" role=\"group\" aria-roledescription=\"slide\" aria-label=\"1 de 6\"><figure class=\"swiper-slide-inner\"><img decoding=\"async\" class=\"swiper-slide-image\" src=\"https:\/\/fardesalou.es\/wp-content\/uploads\/2024\/09\/IMG_0771-600x400.jpg\" alt=\"IMG_0771\" \/><\/figure><\/div><div class=\"swiper-slide\" role=\"group\" aria-roledescription=\"slide\" aria-label=\"2 de 6\"><figure class=\"swiper-slide-inner\"><img decoding=\"async\" class=\"swiper-slide-image\" src=\"https:\/\/fardesalou.es\/wp-content\/uploads\/2025\/02\/20240427_184034-600x400.jpg\" alt=\"20240427_184034\" \/><\/figure><\/div><div class=\"swiper-slide\" role=\"group\" aria-roledescription=\"slide\" aria-label=\"3 de 6\"><figure class=\"swiper-slide-inner\"><img decoding=\"async\" class=\"swiper-slide-image\" src=\"https:\/\/fardesalou.es\/wp-content\/uploads\/2024\/09\/IMG_0800-600x400.jpg\" alt=\"Sal\u00f3n\" \/><\/figure><\/div><div class=\"swiper-slide\" role=\"group\" aria-roledescription=\"slide\" aria-label=\"4 de 6\"><figure class=\"swiper-slide-inner\"><img decoding=\"async\" class=\"swiper-slide-image\" src=\"https:\/\/fardesalou.es\/wp-content\/uploads\/2024\/09\/IMG_0805-600x400.jpg\" alt=\"IMG_0805\" \/><\/figure><\/div><div class=\"swiper-slide\" role=\"group\" aria-roledescription=\"slide\" aria-label=\"5 de 6\"><figure class=\"swiper-slide-inner\"><img decoding=\"async\" class=\"swiper-slide-image\" src=\"https:\/\/fardesalou.es\/wp-content\/uploads\/2024\/09\/IMG_0795-600x400.jpg\" alt=\"Sal\u00f3n\" \/><\/figure><\/div><div class=\"swiper-slide\" role=\"group\" aria-roledescription=\"slide\" aria-label=\"6 de 6\"><figure class=\"swiper-slide-inner\"><img decoding=\"async\" class=\"swiper-slide-image\" src=\"https:\/\/fardesalou.es\/wp-content\/uploads\/2024\/09\/IMG_0790-600x400.jpg\" alt=\"IMG_0790\" \/><\/figure><\/div>\t\t\t<\/div>\n\t\t\t\t\t\t\t\t\t\t\t\t<div class=\"elementor-swiper-button elementor-swiper-button-prev\" role=\"button\" tabindex=\"0\">\n\t\t\t\t\t\t<svg aria-hidden=\"true\" class=\"e-font-icon-svg e-eicon-chevron-left\" viewBox=\"0 0 1000 1000\" xmlns=\"http:\/\/www.w3.org\/2000\/svg\"><path d=\"M646 125C629 125 613 133 604 142L308 442C296 454 292 471 292 487 292 504 296 521 308 533L604 854C617 867 629 875 646 875 663 875 679 871 692 858 704 846 713 829 713 812 713 796 708 779 692 767L438 487 692 225C700 217 708 204 708 187 708 171 704 154 692 142 675 129 663 125 646 125Z\"><\/path><\/svg>\t\t\t\t\t<\/div>\n\t\t\t\t\t<div class=\"elementor-swiper-button elementor-swiper-button-next\" role=\"button\" tabindex=\"0\">\n\t\t\t\t\t\t<svg aria-hidden=\"true\" class=\"e-font-icon-svg e-eicon-chevron-right\" viewBox=\"0 0 1000 1000\" xmlns=\"http:\/\/www.w3.org\/2000\/svg\"><path d=\"M696 533C708 521 713 504 713 487 713 471 708 454 696 446L400 146C388 133 375 125 354 125 338 125 325 129 313 142 300 154 292 171 292 187 292 204 296 221 308 233L563 492 304 771C292 783 288 800 288 817 288 833 296 850 308 863 321 871 338 875 354 875 371 875 388 867 400 854L696 533Z\"><\/path><\/svg>\t\t\t\t\t<\/div>\n\t\t\t\t\n\t\t\t\t\t\t\t\t\t<div class=\"swiper-pagination\"><\/div>\n\t\t\t\t\t\t\t\t\t<\/div>\n\t\t\t\t\t\t<\/div>\n\t\t\t\t<\/div>\n\t\t\t\t<div class=\"elementor-element elementor-element-4a2de86 elementor-widget elementor-widget-text-editor\" data-id=\"4a2de86\" data-element_type=\"widget\" data-e-type=\"widget\" data-widget_type=\"text-editor.default\">\n\t\t\t\t<div class=\"elementor-widget-container\">\n\t\t\t\t\t\t\t\t\t<h2><strong>Vistas al mar inmediato despu\u00e9s de despertarse con un confort moderno en 80m2<\/strong><\/h2>\n<div>Disfruta de tus vacaciones en nuestro luminoso y confortable apartamento en El Far de Salou. Con espectaculares vistas al mar y tan solo 5 minutos a pie de playa Cala Crancs, este apartamento es el lugar perfecto para disfrutar con toda la familia o amigos. Perfectamente adaptado para 4 personas, el apartamento ofrece todo lo necesario para una estancia excepcional  <\/div>\t\t\t\t\t\t\t\t<\/div>\n\t\t\t\t<\/div>\n\t\t\t\t<div class=\"elementor-element elementor-element-68ac0aa elementor-widget elementor-widget-text-editor\" data-id=\"68ac0aa\" data-element_type=\"widget\" data-e-type=\"widget\" data-widget_type=\"text-editor.default\">\n\t\t\t\t<div class=\"elementor-widget-container\">\n\t\t\t\t\t\t\t\t\t<h3>Equipamiento<\/h3>\n<ul>\n<li>3 dormitorios, 1 cama de matrimonio, 2 camas individuales con ropa de cama, almohadas y mantas adicionales &#8211; ideal para familias o parejas<\/li>\n<li>2 ba\u00f1os completamente equipados, incluido toallas y secador de pelo. para el m\u00e1ximo confort <\/li>\n<li>Tabla de plancha, plancha, tendedero de ropa, perchas<\/li>\n<li>Una acogedora sala de estar con TV y comedor con mucho espacio para disfrutar momentos inolvidables<\/li>\n<li>Una cocina moderna que ofrece: Frigor\u00edfico, congelador, vitrocer\u00e1mica, microondas, lavadora, tostadora, cafetera, Nespresso, exprimidor, batidora y vajilla completa para unas vacaciones sin estr\u00e9s.<\/li>\n<li>WiFi gratuito<\/li>\n<li>1 plaza de parking gratuito (coche) <\/li>\n<\/ul>\n<h3>La terraza privada con vistas al mar<\/h3>\n<div>Los 16m2 ofrecen suficiente espacio para una relajaci\u00f3n total y con unas vistas al mar inmejorables. Equipado con muebles y toldo de terraza, el lugar perfecto para toda la familia o los amigos. Disfruta del clima mediterr\u00e1neo y del atardecer en tu oasis privado.  <\/div>\n<div> <\/div>\t\t\t\t\t\t\t\t<\/div>\n\t\t\t\t<\/div>\n\t\t\t\t<div class=\"elementor-element elementor-element-be428ed elementor-widget elementor-widget-image-gallery\" data-id=\"be428ed\" data-element_type=\"widget\" data-e-type=\"widget\" data-widget_type=\"image-gallery.default\">\n\t\t\t\t<div class=\"elementor-widget-container\">\n\t\t\t\t\t\t\t<div class=\"elementor-image-gallery\">\n\t\t\t<div id='gallery-1' class='gallery galleryid-755 gallery-columns-4 gallery-size-1536x1536'><figure class='gallery-item'>\n\t\t\t<div class='gallery-icon landscape'>\n\t\t\t\t<img fetchpriority=\"high\" decoding=\"async\" width=\"1536\" height=\"1152\" src=\"https:\/\/fardesalou.es\/wp-content\/uploads\/2025\/02\/diele01-scaled-1536x1152.jpg\" class=\"attachment-1536x1536 size-1536x1536\" alt=\"\" aria-describedby=\"gallery-1-732\" srcset=\"https:\/\/fardesalou.es\/wp-content\/uploads\/2025\/02\/diele01-scaled-1536x1152.jpg 1536w, https:\/\/fardesalou.es\/wp-content\/uploads\/2025\/02\/diele01-300x225.jpg 300w, https:\/\/fardesalou.es\/wp-content\/uploads\/2025\/02\/diele01-1024x768.jpg 1024w, https:\/\/fardesalou.es\/wp-content\/uploads\/2025\/02\/diele01-2000x1500.jpg 2000w\" sizes=\"100vw\" \/>\n\t\t\t<\/div>\n\t\t\t\t<figcaption class='wp-caption-text gallery-caption' id='gallery-1-732'>\n\t\t\t\tEntrada\n\t\t\t\t<\/figcaption><\/figure><figure class='gallery-item'>\n\t\t\t<div class='gallery-icon landscape'>\n\t\t\t\t<img decoding=\"async\" width=\"1536\" height=\"1151\" src=\"https:\/\/fardesalou.es\/wp-content\/uploads\/2024\/09\/IMG_0795-1536x1151.jpg\" class=\"attachment-1536x1536 size-1536x1536\" alt=\"\" aria-describedby=\"gallery-1-632\" srcset=\"https:\/\/fardesalou.es\/wp-content\/uploads\/2024\/09\/IMG_0795-1536x1151.jpg 1536w, https:\/\/fardesalou.es\/wp-content\/uploads\/2024\/09\/IMG_0795-300x225.jpg 300w, https:\/\/fardesalou.es\/wp-content\/uploads\/2024\/09\/IMG_0795-1024x768.jpg 1024w, https:\/\/fardesalou.es\/wp-content\/uploads\/2024\/09\/IMG_0795.jpg 1993w\" sizes=\"100vw\" \/>\n\t\t\t<\/div>\n\t\t\t\t<figcaption class='wp-caption-text gallery-caption' id='gallery-1-632'>\n\t\t\t\tSal\u00f3n\n\t\t\t\t<\/figcaption><\/figure><figure class='gallery-item'>\n\t\t\t<div class='gallery-icon landscape'>\n\t\t\t\t<img decoding=\"async\" width=\"1536\" height=\"1152\" src=\"https:\/\/fardesalou.es\/wp-content\/uploads\/2024\/09\/IMG_0800-1536x1152.jpg\" class=\"attachment-1536x1536 size-1536x1536\" alt=\"\" aria-describedby=\"gallery-1-638\" srcset=\"https:\/\/fardesalou.es\/wp-content\/uploads\/2024\/09\/IMG_0800-1536x1152.jpg 1536w, https:\/\/fardesalou.es\/wp-content\/uploads\/2024\/09\/IMG_0800-300x225.jpg 300w, https:\/\/fardesalou.es\/wp-content\/uploads\/2024\/09\/IMG_0800-1024x768.jpg 1024w, https:\/\/fardesalou.es\/wp-content\/uploads\/2024\/09\/IMG_0800-2000x1500.jpg 2000w, https:\/\/fardesalou.es\/wp-content\/uploads\/2024\/09\/IMG_0800.jpg 2032w\" sizes=\"100vw\" \/>\n\t\t\t<\/div>\n\t\t\t\t<figcaption class='wp-caption-text gallery-caption' id='gallery-1-638'>\n\t\t\t\tSal\u00f3n\n\t\t\t\t<\/figcaption><\/figure><figure class='gallery-item'>\n\t\t\t<div class='gallery-icon landscape'>\n\t\t\t\t<img loading=\"lazy\" decoding=\"async\" width=\"1280\" height=\"960\" src=\"https:\/\/fardesalou.es\/wp-content\/uploads\/2025\/02\/IMG_0793.jpeg\" class=\"attachment-1536x1536 size-1536x1536\" alt=\"\" aria-describedby=\"gallery-1-706\" srcset=\"https:\/\/fardesalou.es\/wp-content\/uploads\/2025\/02\/IMG_0793.jpeg 1280w, https:\/\/fardesalou.es\/wp-content\/uploads\/2025\/02\/IMG_0793-300x225.jpeg 300w, https:\/\/fardesalou.es\/wp-content\/uploads\/2025\/02\/IMG_0793-1024x768.jpeg 1024w\" sizes=\"100vw\" \/>\n\t\t\t<\/div>\n\t\t\t\t<figcaption class='wp-caption-text gallery-caption' id='gallery-1-706'>\n\t\t\t\tSal\u00f3n commedor\n\t\t\t\t<\/figcaption><\/figure><figure class='gallery-item'>\n\t\t\t<div class='gallery-icon landscape'>\n\t\t\t\t<img loading=\"lazy\" decoding=\"async\" width=\"1536\" height=\"1152\" src=\"https:\/\/fardesalou.es\/wp-content\/uploads\/2024\/09\/IMG_0798-1536x1152.jpg\" class=\"attachment-1536x1536 size-1536x1536\" alt=\"\" aria-describedby=\"gallery-1-636\" srcset=\"https:\/\/fardesalou.es\/wp-content\/uploads\/2024\/09\/IMG_0798-1536x1152.jpg 1536w, https:\/\/fardesalou.es\/wp-content\/uploads\/2024\/09\/IMG_0798-300x225.jpg 300w, https:\/\/fardesalou.es\/wp-content\/uploads\/2024\/09\/IMG_0798-1024x768.jpg 1024w, https:\/\/fardesalou.es\/wp-content\/uploads\/2024\/09\/IMG_0798.jpg 1958w\" sizes=\"100vw\" \/>\n\t\t\t<\/div>\n\t\t\t\t<figcaption class='wp-caption-text gallery-caption' id='gallery-1-636'>\n\t\t\t\tCocina\n\t\t\t\t<\/figcaption><\/figure><figure class='gallery-item'>\n\t\t\t<div class='gallery-icon landscape'>\n\t\t\t\t<img loading=\"lazy\" decoding=\"async\" width=\"1280\" height=\"942\" src=\"https:\/\/fardesalou.es\/wp-content\/uploads\/2025\/02\/IMG_0787.jpeg\" class=\"attachment-1536x1536 size-1536x1536\" alt=\"\" aria-describedby=\"gallery-1-708\" srcset=\"https:\/\/fardesalou.es\/wp-content\/uploads\/2025\/02\/IMG_0787.jpeg 1280w, https:\/\/fardesalou.es\/wp-content\/uploads\/2025\/02\/IMG_0787-300x221.jpeg 300w, https:\/\/fardesalou.es\/wp-content\/uploads\/2025\/02\/IMG_0787-1024x754.jpeg 1024w\" sizes=\"100vw\" \/>\n\t\t\t<\/div>\n\t\t\t\t<figcaption class='wp-caption-text gallery-caption' id='gallery-1-708'>\n\t\t\t\tDormitorio matrimonio\n\t\t\t\t<\/figcaption><\/figure><figure class='gallery-item'>\n\t\t\t<div class='gallery-icon landscape'>\n\t\t\t\t<img loading=\"lazy\" decoding=\"async\" width=\"1280\" height=\"960\" src=\"https:\/\/fardesalou.es\/wp-content\/uploads\/2025\/02\/IMG_0776.jpeg\" class=\"attachment-1536x1536 size-1536x1536\" alt=\"\" aria-describedby=\"gallery-1-710\" srcset=\"https:\/\/fardesalou.es\/wp-content\/uploads\/2025\/02\/IMG_0776.jpeg 1280w, https:\/\/fardesalou.es\/wp-content\/uploads\/2025\/02\/IMG_0776-300x225.jpeg 300w, https:\/\/fardesalou.es\/wp-content\/uploads\/2025\/02\/IMG_0776-1024x768.jpeg 1024w\" sizes=\"100vw\" \/>\n\t\t\t<\/div>\n\t\t\t\t<figcaption class='wp-caption-text gallery-caption' id='gallery-1-710'>\n\t\t\t\tBa\u00f1o del dormitorio\n\t\t\t\t<\/figcaption><\/figure><figure class='gallery-item'>\n\t\t\t<div class='gallery-icon landscape'>\n\t\t\t\t<img loading=\"lazy\" decoding=\"async\" width=\"1536\" height=\"1180\" src=\"https:\/\/fardesalou.es\/wp-content\/uploads\/2025\/02\/bad-sz-scaled-1536x1180.jpg\" class=\"attachment-1536x1536 size-1536x1536\" alt=\"\" aria-describedby=\"gallery-1-730\" srcset=\"https:\/\/fardesalou.es\/wp-content\/uploads\/2025\/02\/bad-sz-scaled-1536x1180.jpg 1536w, https:\/\/fardesalou.es\/wp-content\/uploads\/2025\/02\/bad-sz-300x230.jpg 300w, https:\/\/fardesalou.es\/wp-content\/uploads\/2025\/02\/bad-sz-1024x786.jpg 1024w, https:\/\/fardesalou.es\/wp-content\/uploads\/2025\/02\/bad-sz-2000x1536.jpg 2000w\" sizes=\"100vw\" \/>\n\t\t\t<\/div>\n\t\t\t\t<figcaption class='wp-caption-text gallery-caption' id='gallery-1-730'>\n\t\t\t\tBa\u00f1o del dormitorio \n\t\t\t\t<\/figcaption><\/figure><figure class='gallery-item'>\n\t\t\t<div class='gallery-icon landscape'>\n\t\t\t\t<img loading=\"lazy\" decoding=\"async\" width=\"1536\" height=\"1152\" src=\"https:\/\/fardesalou.es\/wp-content\/uploads\/2024\/09\/IMG_0811-1536x1152.jpg\" class=\"attachment-1536x1536 size-1536x1536\" alt=\"\" aria-describedby=\"gallery-1-646\" srcset=\"https:\/\/fardesalou.es\/wp-content\/uploads\/2024\/09\/IMG_0811-1536x1152.jpg 1536w, https:\/\/fardesalou.es\/wp-content\/uploads\/2024\/09\/IMG_0811-300x225.jpg 300w, https:\/\/fardesalou.es\/wp-content\/uploads\/2024\/09\/IMG_0811-1024x768.jpg 1024w, https:\/\/fardesalou.es\/wp-content\/uploads\/2024\/09\/IMG_0811.jpg 1986w\" sizes=\"100vw\" \/>\n\t\t\t<\/div>\n\t\t\t\t<figcaption class='wp-caption-text gallery-caption' id='gallery-1-646'>\n\t\t\t\tHabitaci\u00f3n\n\t\t\t\t<\/figcaption><\/figure><figure class='gallery-item'>\n\t\t\t<div class='gallery-icon landscape'>\n\t\t\t\t<img loading=\"lazy\" decoding=\"async\" width=\"1536\" height=\"1151\" src=\"https:\/\/fardesalou.es\/wp-content\/uploads\/2024\/09\/IMG_0784-1536x1151.jpg\" class=\"attachment-1536x1536 size-1536x1536\" alt=\"\" aria-describedby=\"gallery-1-620\" srcset=\"https:\/\/fardesalou.es\/wp-content\/uploads\/2024\/09\/IMG_0784-1536x1151.jpg 1536w, https:\/\/fardesalou.es\/wp-content\/uploads\/2024\/09\/IMG_0784-300x225.jpg 300w, https:\/\/fardesalou.es\/wp-content\/uploads\/2024\/09\/IMG_0784-1024x767.jpg 1024w, https:\/\/fardesalou.es\/wp-content\/uploads\/2024\/09\/IMG_0784-2000x1499.jpg 2000w, https:\/\/fardesalou.es\/wp-content\/uploads\/2024\/09\/IMG_0784.jpg 2020w\" sizes=\"100vw\" \/>\n\t\t\t<\/div>\n\t\t\t\t<figcaption class='wp-caption-text gallery-caption' id='gallery-1-620'>\n\t\t\t\tHabitaci\u00f3n\n\t\t\t\t<\/figcaption><\/figure><figure class='gallery-item'>\n\t\t\t<div class='gallery-icon landscape'>\n\t\t\t\t<img loading=\"lazy\" decoding=\"async\" width=\"1536\" height=\"1151\" src=\"https:\/\/fardesalou.es\/wp-content\/uploads\/2024\/09\/IMG_0817-1536x1151.jpg\" class=\"attachment-1536x1536 size-1536x1536\" alt=\"\" aria-describedby=\"gallery-1-648\" srcset=\"https:\/\/fardesalou.es\/wp-content\/uploads\/2024\/09\/IMG_0817-1536x1151.jpg 1536w, https:\/\/fardesalou.es\/wp-content\/uploads\/2024\/09\/IMG_0817-300x225.jpg 300w, https:\/\/fardesalou.es\/wp-content\/uploads\/2024\/09\/IMG_0817-1024x768.jpg 1024w, https:\/\/fardesalou.es\/wp-content\/uploads\/2024\/09\/IMG_0817-2000x1499.jpg 2000w, https:\/\/fardesalou.es\/wp-content\/uploads\/2024\/09\/IMG_0817.jpg 2045w\" sizes=\"100vw\" \/>\n\t\t\t<\/div>\n\t\t\t\t<figcaption class='wp-caption-text gallery-caption' id='gallery-1-648'>\n\t\t\t\tBa\u00f1o del las habitaciones\n\t\t\t\t<\/figcaption><\/figure><figure class='gallery-item'>\n\t\t\t<div class='gallery-icon landscape'>\n\t\t\t\t<img loading=\"lazy\" decoding=\"async\" width=\"1280\" height=\"960\" src=\"https:\/\/fardesalou.es\/wp-content\/uploads\/2025\/02\/IMG_0804.jpeg\" class=\"attachment-1536x1536 size-1536x1536\" alt=\"\" aria-describedby=\"gallery-1-714\" srcset=\"https:\/\/fardesalou.es\/wp-content\/uploads\/2025\/02\/IMG_0804.jpeg 1280w, https:\/\/fardesalou.es\/wp-content\/uploads\/2025\/02\/IMG_0804-300x225.jpeg 300w, https:\/\/fardesalou.es\/wp-content\/uploads\/2025\/02\/IMG_0804-1024x768.jpeg 1024w\" sizes=\"100vw\" \/>\n\t\t\t<\/div>\n\t\t\t\t<figcaption class='wp-caption-text gallery-caption' id='gallery-1-714'>\n\t\t\t\tTerraza\n\t\t\t\t<\/figcaption><\/figure>\n\t\t<\/div>\n\t\t<\/div>\n\t\t\t\t\t\t<\/div>\n\t\t\t\t<\/div>\n\t\t\t\t<div class=\"elementor-element elementor-element-43a722c elementor-widget elementor-widget-text-editor\" data-id=\"43a722c\" data-element_type=\"widget\" data-e-type=\"widget\" data-widget_type=\"text-editor.default\">\n\t\t\t\t<div class=\"elementor-widget-container\">\n\t\t\t\t\t\t\t\t\t<h3>Normas de la casa<\/h3><ul><li dir=\"auto\">Est\u00e1 prohibido fumar en el apartamento <\/li><li dir=\"auto\">No se admiten mascotas<\/li><li dir=\"auto\">No se permiten fiestas ni celebraciones privadas<\/li><li dir=\"auto\">Pedimos respetar el descanso nocturo a partir de las 23.00 h<\/li><li dir=\"auto\">A la salida deje el apartamento tal y como lo encontr\u00f3. La cocina debe estar limpia y ordenada, no est\u00e1 permitido que los hu\u00e9spedes dejen basura en el apartamento. El incumplimiento supondr\u00e1 un cargo de 80\u20ac por la limpieza final.<\/li><\/ul><h3 dir=\"auto\">Registro entrada y salida<\/h3><ul><li dir=\"auto\"><strong>Llegada a partir<\/strong> <strong>de las 15.00 h<\/strong> (se requiere un dep\u00f3sito de 300\u20ac en efectivo, si no se producen<br>desperfectos este importe se devolver\u00e1 \u00edntegramente a la salida) <\/li><li dir=\"auto\"><strong>Salida hasta las 12.00 h<\/strong> <\/li><\/ul><h3>Idiomas<\/h3><ul><li>Catal\u00e1n, Espa\u00f1ol, Alem\u00e1n, Ingl\u00e9s, Franc\u00e9s<\/li><\/ul><h3>Forma de pago<\/h3><ul><li>Transferencia<\/li><li>El 50% al recibir la confirmaci\u00f3n de la reserva<\/li><\/ul><h3>Condiciones de cancelaci\u00f3n<\/h3><ul class=\"m-0 space-y-xs p-0\"><li class=\"mx-m\"><b>El 100%<\/b> de reembolso si cancelas 60 d\u00edas naturales antes seg\u00fan el per\u00edodo de la reserva<\/li><li class=\"mx-m\"><b>El 50%<\/b> de reembolso si cancelas 30 d\u00edas naturales antes seg\u00fan el per\u00edodo de la reserva<\/li><li class=\"mx-m\"><b>0%<\/b> de reembolso si cancelas 29 d\u00edas naturales antes seg\u00fan el per\u00edodo de la reserva<\/li><\/ul>\t\t\t\t\t\t\t\t<\/div>\n\t\t\t\t<\/div>\n\t\t\t\t<div class=\"elementor-element elementor-element-c899368 elementor-widget elementor-widget-google_maps\" data-id=\"c899368\" data-element_type=\"widget\" data-e-type=\"widget\" data-widget_type=\"google_maps.default\">\n\t\t\t\t<div class=\"elementor-widget-container\">\n\t\t\t\t\t\t\t<div class=\"elementor-custom-embed\">\n\t\t\t<iframe loading=\"lazy\"\n\t\t\t\t\tsrc=\"https:\/\/maps.google.com\/maps?q=Ctra.%20del%20Far%2C%2056%2C%2043840%20Salou%2C%20Tarragona%2C%20Spanien&#038;t=m&#038;z=12&#038;output=embed&#038;iwloc=near\"\n\t\t\t\t\ttitle=\"Ctra. del Far, 56, 43840 Salou, Tarragona, Spanien\"\n\t\t\t\t\taria-label=\"Ctra. del Far, 56, 43840 Salou, Tarragona, Spanien\"\n\t\t\t><\/iframe>\n\t\t<\/div>\n\t\t\t\t\t\t<\/div>\n\t\t\t\t<\/div>\n\t\t\t\t<\/div>\n\t\t\t\t<\/div>\n\t\t","protected":false},"excerpt":{"rendered":"<p>Vistas al mar inmediato despu\u00e9s de despertarse con un confort moderno en 80m2 Disfruta de tus vacaciones en nuestro luminoso y confortable apartamento en El Far de Salou. Con espectaculares vistas al mar y tan solo 5 minutos a pie de playa Cala Crancs, este apartamento es el lugar perfecto para disfrutar con toda la &hellip; <\/p>\n<p class=\"link-more\"><a href=\"https:\/\/fardesalou.es\/?page_id=755&#038;lang=es\" class=\"more-link\">Mehr <span class=\"screen-reader-text\">\u00fcber &#8222;El apartamento&#8220; <\/span>Lesen<\/a><\/p>\n","protected":false},"author":3,"featured_media":700,"parent":0,"menu_order":0,"comment_status":"closed","ping_status":"closed","template":"","meta":{"_inspiro_hide_title":false,"footnotes":""},"class_list":["post-755","page","type-page","status-publish","has-post-thumbnail","hentry"],"featured_media_urls":{"thumbnail":["https:\/\/fardesalou.es\/wp-content\/uploads\/2025\/02\/20240511_173327-150x150.jpg",150,150,true],"medium":["https:\/\/fardesalou.es\/wp-content\/uploads\/2025\/02\/20240511_173327-300x225.jpg",300,225,true],"medium_large":["https:\/\/fardesalou.es\/wp-content\/uploads\/2025\/02\/20240511_173327-scaled.jpg",768,576,false],"large":["https:\/\/fardesalou.es\/wp-content\/uploads\/2025\/02\/20240511_173327-1024x768.jpg",950,713,true],"1536x1536":["https:\/\/fardesalou.es\/wp-content\/uploads\/2025\/02\/20240511_173327-scaled-1536x1152.jpg",1536,1152,true],"2048x2048":["https:\/\/fardesalou.es\/wp-content\/uploads\/2025\/02\/20240511_173327-scaled-2048x1536.jpg",2048,1536,true],"inspiro-featured-image":["https:\/\/fardesalou.es\/wp-content\/uploads\/2025\/02\/20240511_173327-2000x1500.jpg",2000,1500,true],"inspiro-loop":["https:\/\/fardesalou.es\/wp-content\/uploads\/2025\/02\/20240511_173327-950x320.jpg",950,320,true],"inspiro-loop@2x":["https:\/\/fardesalou.es\/wp-content\/uploads\/2025\/02\/20240511_173327-1900x640.jpg",1900,640,true],"portfolio_item-thumbnail":["https:\/\/fardesalou.es\/wp-content\/uploads\/2025\/02\/20240511_173327-scaled-600x400.jpg",600,400,true],"portfolio_item-thumbnail@2x":["https:\/\/fardesalou.es\/wp-content\/uploads\/2025\/02\/20240511_173327-scaled-1200x800.jpg",1200,800,true],"portfolio_item-masonry":["https:\/\/fardesalou.es\/wp-content\/uploads\/2025\/02\/20240511_173327-scaled-600x450.jpg",600,450,true],"portfolio_item-masonry@2x":["https:\/\/fardesalou.es\/wp-content\/uploads\/2025\/02\/20240511_173327-scaled-1200x900.jpg",1200,900,true],"portfolio_item-thumbnail_cinema":["https:\/\/fardesalou.es\/wp-content\/uploads\/2025\/02\/20240511_173327-scaled-800x335.jpg",800,335,true],"portfolio_item-thumbnail_portrait":["https:\/\/fardesalou.es\/wp-content\/uploads\/2025\/02\/20240511_173327-scaled-600x900.jpg",600,900,true],"portfolio_item-thumbnail_portrait@2x":["https:\/\/fardesalou.es\/wp-content\/uploads\/2025\/02\/20240511_173327-scaled-1200x1800.jpg",1200,1800,true],"portfolio_item-thumbnail_square":["https:\/\/fardesalou.es\/wp-content\/uploads\/2025\/02\/20240511_173327-scaled-800x800.jpg",800,800,true]},"_links":{"self":[{"href":"https:\/\/fardesalou.es\/index.php?rest_route=\/wp\/v2\/pages\/755","targetHints":{"allow":["GET"]}}],"collection":[{"href":"https:\/\/fardesalou.es\/index.php?rest_route=\/wp\/v2\/pages"}],"about":[{"href":"https:\/\/fardesalou.es\/index.php?rest_route=\/wp\/v2\/types\/page"}],"author":[{"embeddable":true,"href":"https:\/\/fardesalou.es\/index.php?rest_route=\/wp\/v2\/users\/3"}],"replies":[{"embeddable":true,"href":"https:\/\/fardesalou.es\/index.php?rest_route=%2Fwp%2Fv2%2Fcomments&post=755"}],"version-history":[{"count":12,"href":"https:\/\/fardesalou.es\/index.php?rest_route=\/wp\/v2\/pages\/755\/revisions"}],"predecessor-version":[{"id":941,"href":"https:\/\/fardesalou.es\/index.php?rest_route=\/wp\/v2\/pages\/755\/revisions\/941"}],"wp:featuredmedia":[{"embeddable":true,"href":"https:\/\/fardesalou.es\/index.php?rest_route=\/wp\/v2\/media\/700"}],"wp:attachment":[{"href":"https:\/\/fardesalou.es\/index.php?rest_route=%2Fwp%2Fv2%2Fmedia&parent=755"}],"curies":[{"name":"wp","href":"https:\/\/api.w.org\/{rel}","templated":true}]}}