{"id":14,"date":"2021-10-17T08:39:36","date_gmt":"2021-10-17T08:39:36","guid":{"rendered":"https:\/\/fardesalou.es\/?page_id=14"},"modified":"2025-03-10T20:11:55","modified_gmt":"2025-03-10T20:11:55","slug":"ueber-uns","status":"publish","type":"page","link":"https:\/\/fardesalou.es\/?page_id=14","title":{"rendered":"\u00dcber mich"},"content":{"rendered":"\t\t<div data-elementor-type=\"wp-page\" data-elementor-id=\"14\" class=\"elementor elementor-14\">\n\t\t\t\t<div class=\"elementor-element elementor-element-6f7c00b9 e-flex e-con-boxed e-con e-parent\" data-id=\"6f7c00b9\" data-element_type=\"container\" data-e-type=\"container\">\n\t\t\t\t\t<div class=\"e-con-inner\">\n\t\t\t\t<div class=\"elementor-element elementor-element-17027c1 elementor-widget elementor-widget-text-editor\" data-id=\"17027c1\" data-element_type=\"widget\" data-e-type=\"widget\" data-widget_type=\"text-editor.default\">\n\t\t\t\t<div class=\"elementor-widget-container\">\n\t\t\t\t\t\t\t\t\t<h3>Willkommen in der virtuellen Oase.<\/h3><div dir=\"auto\"><strong>Entdecken Sie die Geheimnisse der Costa Daurada und genie\u00dfen Sie in vollen Z\u00fcgen diese au\u00dfergew\u00f6hnliche Region.<\/strong><\/div>\t\t\t\t\t\t\t\t<\/div>\n\t\t\t\t<\/div>\n\t\t\t\t<div class=\"elementor-element elementor-element-1e0c86d3 elementor-widget elementor-widget-text-editor\" data-id=\"1e0c86d3\" data-element_type=\"widget\" data-e-type=\"widget\" data-widget_type=\"text-editor.default\">\n\t\t\t\t<div class=\"elementor-widget-container\">\n\t\t\t\t\t\t\t\t\t<p>Hallo, mein Name ist Francisco, seit mehreren Jahrzehnten wohne ich in der wundersch\u00f6nen Gegend rund um El Far de Salou. In all den Jahren habe ich die Region lieben gelernt und kenne jeden Winkel, jede versteckte Bucht und all die kleinen Geheimnisse, die diesen Ort so besonders machen.<\/p>\n<p>Es war immer mein Traum, anderen Menschen die Sch\u00f6nheit dieser Region n\u00e4herzubringen, weshalb ich meine Ferienwohnung mit viel Liebe zum Detail eingerichtet habe. Ich m\u00f6chte, dass sich meine G\u00e4ste bei mir genauso wohl und willkommen f\u00fchlen wie ich mich hier seit vielen Jahren. Die N\u00e4he zum Meer, das angenehme Klima und die entspannte Atmosph\u00e4re \u2013 all das macht El Far de Salou zu einem einzigartigen Ort, an dem man die Seele baumeln lassen kann.<\/p>\n<p>Als Ihr Gastgeber stehe ich Ihnen gern zur Seite, um Ihren Aufenthalt so angenehm wie m\u00f6glich zu gestalten. Egal, ob Sie Tipps f\u00fcr Ausfl\u00fcge in die Umgebung, die besten Restaurants oder die sch\u00f6nsten Str\u00e4nde suchen \u2013 ich bin immer da, um Ihnen zu helfen.<\/p>\n<p>Ich freue mich darauf, Sie hier in meinem kleinen St\u00fcck Paradies begr\u00fc\u00dfen zu d\u00fcrfen!<\/p>\t\t\t\t\t\t\t\t<\/div>\n\t\t\t\t<\/div>\n\t\t\t\t\t<\/div>\n\t\t\t\t<\/div>\n\t\t\t\t<\/div>\n\t\t","protected":false},"excerpt":{"rendered":"<p>Willkommen in der virtuellen Oase. Entdecken Sie die Geheimnisse der Costa Daurada und genie\u00dfen Sie in vollen Z\u00fcgen diese au\u00dfergew\u00f6hnliche Region. Hallo, mein Name ist Francisco, seit mehreren Jahrzehnten wohne ich in der wundersch\u00f6nen Gegend rund um El Far de Salou. In all den Jahren habe ich die Region lieben gelernt und kenne jeden Winkel, &hellip; <\/p>\n<p class=\"link-more\"><a href=\"https:\/\/fardesalou.es\/?page_id=14\" class=\"more-link\">Mehr <span class=\"screen-reader-text\">\u00fcber &#8222;\u00dcber mich&#8220; <\/span>Lesen<\/a><\/p>\n","protected":false},"author":1,"featured_media":411,"parent":0,"menu_order":0,"comment_status":"closed","ping_status":"closed","template":"","meta":{"_inspiro_hide_title":false,"footnotes":""},"class_list":["post-14","page","type-page","status-publish","has-post-thumbnail","hentry"],"featured_media_urls":{"thumbnail":["https:\/\/fardesalou.es\/wp-content\/uploads\/2025\/02\/francisco_ueber_mich_quer-150x150.jpg",150,150,true],"medium":["https:\/\/fardesalou.es\/wp-content\/uploads\/2025\/02\/francisco_ueber_mich_quer-300x178.jpg",300,178,true],"medium_large":["https:\/\/fardesalou.es\/wp-content\/uploads\/2025\/02\/francisco_ueber_mich_quer-scaled.jpg",768,456,false],"large":["https:\/\/fardesalou.es\/wp-content\/uploads\/2025\/02\/francisco_ueber_mich_quer-1024x608.jpg",950,564,true],"1536x1536":["https:\/\/fardesalou.es\/wp-content\/uploads\/2025\/02\/francisco_ueber_mich_quer-scaled-1536x911.jpg",1536,911,true],"2048x2048":["https:\/\/fardesalou.es\/wp-content\/uploads\/2025\/02\/francisco_ueber_mich_quer-scaled-2048x1215.jpg",2048,1215,true],"inspiro-featured-image":["https:\/\/fardesalou.es\/wp-content\/uploads\/2025\/02\/francisco_ueber_mich_quer-2000x1187.jpg",2000,1187,true],"inspiro-loop":["https:\/\/fardesalou.es\/wp-content\/uploads\/2025\/02\/francisco_ueber_mich_quer-950x320.jpg",950,320,true],"inspiro-loop@2x":["https:\/\/fardesalou.es\/wp-content\/uploads\/2025\/02\/francisco_ueber_mich_quer-1900x640.jpg",1900,640,true],"portfolio_item-thumbnail":["https:\/\/fardesalou.es\/wp-content\/uploads\/2025\/02\/francisco_ueber_mich_quer-scaled-600x400.jpg",600,400,true],"portfolio_item-thumbnail@2x":["https:\/\/fardesalou.es\/wp-content\/uploads\/2025\/02\/francisco_ueber_mich_quer-scaled-1200x800.jpg",1200,800,true],"portfolio_item-masonry":["https:\/\/fardesalou.es\/wp-content\/uploads\/2025\/02\/francisco_ueber_mich_quer-scaled-600x356.jpg",600,356,true],"portfolio_item-masonry@2x":["https:\/\/fardesalou.es\/wp-content\/uploads\/2025\/02\/francisco_ueber_mich_quer-scaled-1200x712.jpg",1200,712,true],"portfolio_item-thumbnail_cinema":["https:\/\/fardesalou.es\/wp-content\/uploads\/2025\/02\/francisco_ueber_mich_quer-scaled-800x335.jpg",800,335,true],"portfolio_item-thumbnail_portrait":["https:\/\/fardesalou.es\/wp-content\/uploads\/2025\/02\/francisco_ueber_mich_quer-scaled-600x900.jpg",600,900,true],"portfolio_item-thumbnail_portrait@2x":["https:\/\/fardesalou.es\/wp-content\/uploads\/2025\/02\/francisco_ueber_mich_quer-scaled-1200x1519.jpg",1200,1519,true],"portfolio_item-thumbnail_square":["https:\/\/fardesalou.es\/wp-content\/uploads\/2025\/02\/francisco_ueber_mich_quer-scaled-800x800.jpg",800,800,true]},"_links":{"self":[{"href":"https:\/\/fardesalou.es\/index.php?rest_route=\/wp\/v2\/pages\/14","targetHints":{"allow":["GET"]}}],"collection":[{"href":"https:\/\/fardesalou.es\/index.php?rest_route=\/wp\/v2\/pages"}],"about":[{"href":"https:\/\/fardesalou.es\/index.php?rest_route=\/wp\/v2\/types\/page"}],"author":[{"embeddable":true,"href":"https:\/\/fardesalou.es\/index.php?rest_route=\/wp\/v2\/users\/1"}],"replies":[{"embeddable":true,"href":"https:\/\/fardesalou.es\/index.php?rest_route=%2Fwp%2Fv2%2Fcomments&post=14"}],"version-history":[{"count":28,"href":"https:\/\/fardesalou.es\/index.php?rest_route=\/wp\/v2\/pages\/14\/revisions"}],"predecessor-version":[{"id":560,"href":"https:\/\/fardesalou.es\/index.php?rest_route=\/wp\/v2\/pages\/14\/revisions\/560"}],"wp:featuredmedia":[{"embeddable":true,"href":"https:\/\/fardesalou.es\/index.php?rest_route=\/wp\/v2\/media\/411"}],"wp:attachment":[{"href":"https:\/\/fardesalou.es\/index.php?rest_route=%2Fwp%2Fv2%2Fmedia&parent=14"}],"curies":[{"name":"wp","href":"https:\/\/api.w.org\/{rel}","templated":true}]}}