{"id":13,"date":"2021-10-17T08:39:35","date_gmt":"2021-10-17T08:39:35","guid":{"rendered":"https:\/\/fardesalou.es\/?page_id=13"},"modified":"2026-02-13T18:57:25","modified_gmt":"2026-02-13T18:57:25","slug":"schoene-portfolios-fuer-aussergewoehnliche-kreative","status":"publish","type":"page","link":"https:\/\/fardesalou.es\/","title":{"rendered":"Der perfekte R\u00fcckzugsort f\u00fcr unvergessliche Momente"},"content":{"rendered":"\t\t<div data-elementor-type=\"wp-page\" data-elementor-id=\"13\" class=\"elementor elementor-13\">\n\t\t\t\t<div class=\"elementor-element elementor-element-4c4be3db e-con-full e-flex e-con e-parent\" data-id=\"4c4be3db\" data-element_type=\"container\" data-e-type=\"container\">\n\t\t\t\t<div class=\"elementor-element elementor-element-65177d0e elementor-widget elementor-widget-text-editor\" data-id=\"65177d0e\" data-element_type=\"widget\" data-e-type=\"widget\" data-widget_type=\"text-editor.default\">\n\t\t\t\t<div class=\"elementor-widget-container\">\n\t\t\t\t\t\t\t\t\t<p class=\"p1\" style=\"text-align: center;\">Unsere exklusive Ferienwohnung, nur 100 Meter vom Meer entfernt, bietet den perfekten Urlaubsort. Entspannen Sie in einer ruhigen Felsenbucht, nutzen Sie den Pool oder den Multisportplatz, und genie\u00dfen Sie die N\u00e4he zum Strand und zur Natur. Ideal f\u00fcr Erholungssuchende und Abenteurer gleicherma\u00dfen. Unsere exklusive Ferienwohnung steht Ihnen ab einer Mietdauer von zwei Tagen zur Verf\u00fcgung. Besonders geeignet f\u00fcr Unternehmen, Fach- und Lehrkr\u00e4fte, die in dieser wundersch\u00f6nen Region zeitweise t\u00e4tig sind. Nach einem anspruchsvollen Arbeitstag erwarten Sie Entspannung und Komfort in unmittelbarer Meeresn\u00e4he.<\/p>\n<div class=\"wp-block-group alignfull has-background\" style=\"background-color: #e5e9ec;\">\n<div class=\"wp-block-group__inner-container\">\n<div class=\"wp-block-columns\">\n<div class=\"wp-block-column is-vertically-aligned-center\">\n<h2>\u00dcber uns<span style=\"color: var( --e-global-color-text ); font-family: var( --e-global-typography-text-font-family ), Sans-serif; font-weight: var( --e-global-typography-text-font-weight ); text-align: var(--text-align); font-size: 16px;\">Die Ferienwohnung in El Far de Salou liegt nur wenige Schritte vom Meer entfernt und bietet den perfekten Ort f\u00fcr Ihren Familienurlaub. Da wir schon lange in dieser wundersch\u00f6nen Gegend leben, wissen wir genau, wie besonders dieser Ort ist \u2013 und m\u00f6chten, dass Sie ihn genauso genie\u00dfen k\u00f6nnen.<\/span><\/h2>\n<p><a class=\"wp-block-button__link no-border-radius\" style=\"font-family: var( --e-global-typography-text-font-family ), Sans-serif; font-weight: var( --e-global-typography-text-font-weight ); font-size: 16px;\" href=\"https:\/\/fardesalou.es\/?page_id=14\">mehr \u00fcber uns<\/a><figure id=\"attachment_26\" aria-describedby=\"caption-attachment-26\" style=\"width: 1601px\" class=\"wp-caption alignnone\"><img fetchpriority=\"high\" decoding=\"async\" class=\"wp-image-26\" src=\"https:\/\/fardesalou.es\/wp-content\/uploads\/2021\/10\/DJI_0850-scaled.jpg\" alt=\"\" width=\"1601\" height=\"900\"><figcaption id=\"caption-attachment-26\" class=\"wp-caption-text\">El Far de Salou<\/figcaption><\/figure><\/p><\/div>\n<\/div>\n<\/div>\n<\/div>\n<div class=\"wp-block-group alignfull\">\n<div class=\"wp-block-group__inner-container\">\n<div class=\"wp-block-columns are-vertically-aligned-center\">\n<div class=\"wp-block-column is-vertically-aligned-center\">\n<div class=\"wp-block-buttons\">&nbsp;<\/div>\n<\/div>\n<\/div>\n<\/div>\n<\/div>\n<div class=\"wp-block-group alignfull has-black-background-color has-background\">\n<div class=\"wp-block-group__inner-container\">\n<h2 class=\"has-text-align-center has-white-color has-text-color\"><strong>Gallery<\/strong><\/h2>\n<figure class=\"wp-block-gallery aligncenter columns-3 is-cropped\">\n<ul class=\"blocks-gallery-grid\">\n<li class=\"blocks-gallery-item\">\n<figure>\n<p><img decoding=\"async\" class=\"alignnone wp-image-29\" src=\"https:\/\/fardesalou.es\/wp-content\/uploads\/2021\/10\/DJI_0837-300x169.jpg\" alt=\"\" width=\"1600\" height=\"900\" data-id=\"28\" data-full-url=\"https:\/\/fardesalou.es\/wp-content\/themes\/inspiro\/assets\/images\/StockSnap_P9QYJ8AAL8.jpg\" data-link=\"#\" srcset=\"https:\/\/fardesalou.es\/wp-content\/uploads\/2021\/10\/DJI_0837-300x169.jpg 300w, https:\/\/fardesalou.es\/wp-content\/uploads\/2021\/10\/DJI_0837-1024x576.jpg 1024w, https:\/\/fardesalou.es\/wp-content\/uploads\/2021\/10\/DJI_0837-768x432.jpg 768w, https:\/\/fardesalou.es\/wp-content\/uploads\/2021\/10\/DJI_0837-1536x864.jpg 1536w, https:\/\/fardesalou.es\/wp-content\/uploads\/2021\/10\/DJI_0837-2048x1152.jpg 2048w, https:\/\/fardesalou.es\/wp-content\/uploads\/2021\/10\/DJI_0837-2000x1125.jpg 2000w\" sizes=\"(max-width: 1600px) 100vw, 1600px\" \/><\/p>\n<\/figure>\n<\/li>\n<li class=\"blocks-gallery-item\">\n<figure>\n<p><img decoding=\"async\" class=\"alignnone wp-image-36\" src=\"https:\/\/fardesalou.es\/wp-content\/uploads\/2021\/10\/DJI_0836-300x169.jpg\" alt=\"\" width=\"1600\" height=\"900\" data-id=\"27\" data-full-url=\"https:\/\/fardesalou.es\/wp-content\/themes\/inspiro\/assets\/images\/StockSnap_M6D1GS9PSL.jpg\" data-link=\"#\" srcset=\"https:\/\/fardesalou.es\/wp-content\/uploads\/2021\/10\/DJI_0836-300x169.jpg 300w, https:\/\/fardesalou.es\/wp-content\/uploads\/2021\/10\/DJI_0836-1024x576.jpg 1024w, https:\/\/fardesalou.es\/wp-content\/uploads\/2021\/10\/DJI_0836-768x432.jpg 768w, https:\/\/fardesalou.es\/wp-content\/uploads\/2021\/10\/DJI_0836-1536x864.jpg 1536w, https:\/\/fardesalou.es\/wp-content\/uploads\/2021\/10\/DJI_0836-2048x1152.jpg 2048w, https:\/\/fardesalou.es\/wp-content\/uploads\/2021\/10\/DJI_0836-2000x1125.jpg 2000w\" sizes=\"(max-width: 1600px) 100vw, 1600px\" \/><\/p>\n<\/figure>\n<\/li>\n<li class=\"blocks-gallery-item\">\n<figure>\n<p><img loading=\"lazy\" decoding=\"async\" class=\"alignnone wp-image-28\" src=\"https:\/\/fardesalou.es\/wp-content\/uploads\/2021\/10\/DJI_0854-300x169.jpeg\" alt=\"\" width=\"1600\" height=\"900\" data-id=\"26\" data-full-url=\"https:\/\/fardesalou.es\/wp-content\/themes\/inspiro\/assets\/images\/StockSnap_JKMGVEJMPU.jpg\" data-link=\"#\" srcset=\"https:\/\/fardesalou.es\/wp-content\/uploads\/2021\/10\/DJI_0854-300x169.jpeg 300w, https:\/\/fardesalou.es\/wp-content\/uploads\/2021\/10\/DJI_0854-1024x576.jpeg 1024w, https:\/\/fardesalou.es\/wp-content\/uploads\/2021\/10\/DJI_0854-768x432.jpeg 768w, https:\/\/fardesalou.es\/wp-content\/uploads\/2021\/10\/DJI_0854-1536x864.jpeg 1536w, https:\/\/fardesalou.es\/wp-content\/uploads\/2021\/10\/DJI_0854-2048x1152.jpeg 2048w, https:\/\/fardesalou.es\/wp-content\/uploads\/2021\/10\/DJI_0854-2000x1125.jpeg 2000w\" sizes=\"(max-width: 1600px) 100vw, 1600px\" \/><\/p>\n<\/figure>\n<\/li>\n<li class=\"blocks-gallery-item\">\n<figure>\n<p><img loading=\"lazy\" decoding=\"async\" class=\"alignnone wp-image-33\" src=\"https:\/\/fardesalou.es\/wp-content\/uploads\/2021\/10\/DJI_0851-300x169.jpg\" alt=\"\" width=\"1600\" height=\"900\" srcset=\"https:\/\/fardesalou.es\/wp-content\/uploads\/2021\/10\/DJI_0851-300x169.jpg 300w, https:\/\/fardesalou.es\/wp-content\/uploads\/2021\/10\/DJI_0851-1024x576.jpg 1024w, https:\/\/fardesalou.es\/wp-content\/uploads\/2021\/10\/DJI_0851-768x432.jpg 768w, https:\/\/fardesalou.es\/wp-content\/uploads\/2021\/10\/DJI_0851-1536x864.jpg 1536w, https:\/\/fardesalou.es\/wp-content\/uploads\/2021\/10\/DJI_0851-2048x1152.jpg 2048w, https:\/\/fardesalou.es\/wp-content\/uploads\/2021\/10\/DJI_0851-2000x1125.jpg 2000w\" sizes=\"(max-width: 1600px) 100vw, 1600px\" \/><\/p>\n<\/figure>\n<\/li>\n<li class=\"blocks-gallery-item\">\n<figure>\n<p><img loading=\"lazy\" decoding=\"async\" class=\"alignnone wp-image-32\" src=\"https:\/\/fardesalou.es\/wp-content\/uploads\/2021\/10\/DJI_0850-300x169.jpg\" alt=\"\" width=\"1600\" height=\"900\" srcset=\"https:\/\/fardesalou.es\/wp-content\/uploads\/2021\/10\/DJI_0850-300x169.jpg 300w, https:\/\/fardesalou.es\/wp-content\/uploads\/2021\/10\/DJI_0850-1024x576.jpg 1024w, https:\/\/fardesalou.es\/wp-content\/uploads\/2021\/10\/DJI_0850-768x432.jpg 768w, https:\/\/fardesalou.es\/wp-content\/uploads\/2021\/10\/DJI_0850-1536x864.jpg 1536w, https:\/\/fardesalou.es\/wp-content\/uploads\/2021\/10\/DJI_0850-2048x1152.jpg 2048w, https:\/\/fardesalou.es\/wp-content\/uploads\/2021\/10\/DJI_0850-2000x1125.jpg 2000w\" sizes=\"(max-width: 1600px) 100vw, 1600px\" \/><\/p>\n<\/figure>\n<\/li>\n<li class=\"blocks-gallery-item\">\n<figure>\n<p><img loading=\"lazy\" decoding=\"async\" class=\"alignnone wp-image-34\" src=\"https:\/\/fardesalou.es\/wp-content\/uploads\/2021\/10\/DJI_0853-300x169.jpg\" alt=\"\" width=\"1600\" height=\"900\" data-id=\"29\" data-full-url=\"https:\/\/fardesalou.es\/wp-content\/themes\/inspiro\/assets\/images\/StockSnap_PGXCCTCLB5.jpg\" data-link=\"#\" srcset=\"https:\/\/fardesalou.es\/wp-content\/uploads\/2021\/10\/DJI_0853-300x169.jpg 300w, https:\/\/fardesalou.es\/wp-content\/uploads\/2021\/10\/DJI_0853-1024x576.jpg 1024w, https:\/\/fardesalou.es\/wp-content\/uploads\/2021\/10\/DJI_0853-768x432.jpg 768w, https:\/\/fardesalou.es\/wp-content\/uploads\/2021\/10\/DJI_0853-1536x864.jpg 1536w, https:\/\/fardesalou.es\/wp-content\/uploads\/2021\/10\/DJI_0853-2048x1152.jpg 2048w, https:\/\/fardesalou.es\/wp-content\/uploads\/2021\/10\/DJI_0853-2000x1125.jpg 2000w\" sizes=\"(max-width: 1600px) 100vw, 1600px\" \/><\/p>\n<\/figure>\n<\/li>\n<\/ul>\n<\/figure>\n<\/div>\n<\/div>\n<div class=\"wp-block-cover alignfull has-background-dim-40 has-black-background-color has-background-dim has-parallax is-position-center-center\" style=\"background-image: url('https:\/\/fardesalou.es\/wp-content\/uploads\/2025\/02\/IMG_6355-scaled.jpeg'); min-height: 375px;\">\n<div class=\"wp-block-cover__inner-container\">\n<p class=\"has-text-align-center has-text-color has-huge-font-size\" style=\"color: #fffffa; line-height: 1.1;\"><strong>Wo die Wellen den Horizont ber\u00fchren!<\/strong><\/p>\n<p class=\"has-text-align-center\">Eine Auszeit am Meer \u2013 jetzt unvergessliche Momente buchen!<\/p>\n<div class=\"wp-block-spacer\" style=\"height: 39px;\" aria-hidden=\"true\">&nbsp;<\/div>\n<div class=\"wp-block-buttons is-content-justification-center\">\n<div class=\"wp-block-button is-style-outline\"><a class=\"wp-block-button__link has-white-color has-text-color no-border-radius\" href=\"https:\/\/fardesalou.es\/?page_id=64\">Anfrage stellen<\/a><\/div>\n<\/div>\n<\/div>\n<\/div>\t\t\t\t\t\t\t\t<\/div>\n\t\t\t\t<\/div>\n\t\t\t\t<\/div>\n\t\t\t\t<\/div>\n\t\t","protected":false},"excerpt":{"rendered":"<p>Unsere exklusive Ferienwohnung, nur 100 Meter vom Meer entfernt, bietet den perfekten Urlaubsort. Entspannen Sie in einer ruhigen Felsenbucht, nutzen Sie den Pool oder den Multisportplatz, und genie\u00dfen Sie die N\u00e4he zum Strand und zur Natur. Ideal f\u00fcr Erholungssuchende und Abenteurer gleicherma\u00dfen. Unsere exklusive Ferienwohnung steht Ihnen ab einer Mietdauer von einem Monat zur Verf\u00fcgung. &hellip; <\/p>\n<p class=\"link-more\"><a href=\"https:\/\/fardesalou.es\/\" class=\"more-link\">Mehr <span class=\"screen-reader-text\">\u00fcber &#8222;Der perfekte R\u00fcckzugsort f\u00fcr unvergessliche Momente&#8220; <\/span>Lesen<\/a><\/p>\n","protected":false},"author":1,"featured_media":0,"parent":0,"menu_order":0,"comment_status":"closed","ping_status":"closed","template":"","meta":{"_inspiro_hide_title":false,"footnotes":""},"class_list":["post-13","page","type-page","status-publish","hentry"],"featured_media_urls":[],"_links":{"self":[{"href":"https:\/\/fardesalou.es\/index.php?rest_route=\/wp\/v2\/pages\/13","targetHints":{"allow":["GET"]}}],"collection":[{"href":"https:\/\/fardesalou.es\/index.php?rest_route=\/wp\/v2\/pages"}],"about":[{"href":"https:\/\/fardesalou.es\/index.php?rest_route=\/wp\/v2\/types\/page"}],"author":[{"embeddable":true,"href":"https:\/\/fardesalou.es\/index.php?rest_route=\/wp\/v2\/users\/1"}],"replies":[{"embeddable":true,"href":"https:\/\/fardesalou.es\/index.php?rest_route=%2Fwp%2Fv2%2Fcomments&post=13"}],"version-history":[{"count":102,"href":"https:\/\/fardesalou.es\/index.php?rest_route=\/wp\/v2\/pages\/13\/revisions"}],"predecessor-version":[{"id":1024,"href":"https:\/\/fardesalou.es\/index.php?rest_route=\/wp\/v2\/pages\/13\/revisions\/1024"}],"wp:attachment":[{"href":"https:\/\/fardesalou.es\/index.php?rest_route=%2Fwp%2Fv2%2Fmedia&parent=13"}],"curies":[{"name":"wp","href":"https:\/\/api.w.org\/{rel}","templated":true}]}}